{"id":315,"date":"2023-10-09T15:14:12","date_gmt":"2023-10-09T15:14:12","guid":{"rendered":"https:\/\/fallkniven.pl\/sklep\/?post_type=product&#038;p=315"},"modified":"2026-05-01T14:08:11","modified_gmt":"2026-05-01T12:08:11","slug":"th1","status":"publish","type":"product","link":"https:\/\/fallkniven.pl\/sklep\/produkt\/th1\/","title":{"rendered":"N\u00f3\u017c TH1 Taiga Hunter"},"content":{"rendered":"<p>No\u017ce z serii Taiga s\u0105 wszechstronnymi no\u017cami dla my\u015bliwych oraz innych wymagaj\u0105cych u\u017cytkownik\u00f3w. Mocne ostrze z laminowanej stali kobaltowej znakomicie utrzymuje ostro\u015b\u0107, nie b\u0119d\u0105c przy tym kruchym. Zapewniaj\u0105 to dobrze wypolerowana, poddana obr\u00f3bce cieplnej, hartowana stal, a tak\u017ce wypuk\u0142y szlif, gwarantuj\u0105cy ostro\u015b\u0107. Ergonomiczny kszta\u0142t r\u0119koje\u015bci zapewnia bezpieczn\u0105 przyczepno\u015b\u0107 niezale\u017cnie od pogody i wiatru.<\/p>\n<p>TH1 (Taiga Hunter #1) to r\u0119cznie robiony n\u00f3\u017c z r\u0119koje\u015bci\u0105 z bardzo ekskluzywnego pustynnego drewna \u017celaznego (Desert Ironwood).\u00a0 Podobnie jak wszystkie naturalne materia\u0142y, r\u00f3\u017cni si\u0119 faktur\u0105 i kolorem, dzi\u0119ki czemu ka\u017cdy n\u00f3\u017c jest indywidualnym dzie\u0142em. Pustynne drzewo \u017celazne, kt\u00f3re ro\u015bnie w po\u0142udniowo-zachodnich Stanach Zjednoczonych, ma nieco osobliw\u0105 w\u0142a\u015bciwo\u015b\u0107 \u2013 jest ci\u0119\u017csze ni\u017c woda, jego g\u0119sto\u015b\u0107 wynosi 1,2 kg\/dm\u00b3, co oznacza, \u017ce tonie. Ostrze przechodzi przez ca\u0142\u0105 r\u0119koje\u015b\u0107\u00a0 (tzw. &#8222;full tang&#8221;), co zapewnia bardzo mocn\u0105 i niezawodn\u0105 konstrukcj\u0119 i nadaje no\u017cowi wygodne wywa\u017cenie.<\/p>\n<p>N\u00f3\u017c wyposa\u017cono w wyj\u0105tkowe etui Zytel, w kt\u00f3rym specjalnie zaprojektowany system blokuj\u0105cy zapewnia prawid\u0142owe zablokowanie no\u017ca po umieszczeniu go w os\u0142onie. Dzia\u0142a niezale\u017cnie od pogody i wiatru, piasku lub \u015bniegu.<\/p>\n<p>Dost\u0119pny jest tak\u017ce model z r\u0119koje\u015bci\u0105 z Thermorunu: <a href=\"https:\/\/fallkniven.pl\/sklep\/produkt\/th2\/\">TH2<\/a><\/p>\n","protected":false},"excerpt":{"rendered":"<p>N\u00f3\u017c z numerem seryjnym na grzbiecie ostrza.<\/p>\n","protected":false},"featured_media":316,"template":"","meta":[],"product_brand":[],"product_cat":[88,83,16,95],"product_tag":[193,207],"class_list":{"0":"post-315","1":"product","2":"type-product","3":"status-publish","4":"has-post-thumbnail","6":"product_cat-ekskluzywne","7":"product_cat-mysliwskie","8":"product_cat-stale","9":"product_cat-survival","10":"product_tag-staly","11":"product_tag-th","12":"pa_dlugosc-calkowita-140","13":"pa_dlugosc-ostrza-141","14":"pa_etui-zytel","15":"pa_grubosc-ostrza-39","16":"pa_kolor-ostrza-jasne","17":"pa_rekojesc-desert-ironwood","18":"pa_stal-cos","19":"pa_szlif-convex-wypukly","20":"pa_twardosc-34","22":"first","23":"instock","24":"shipping-taxable","25":"purchasable","26":"product-type-simple"},"aioseo_notices":[],"jetpack_sharing_enabled":true,"_links":{"self":[{"href":"https:\/\/fallkniven.pl\/sklep\/wp-json\/wp\/v2\/product\/315","targetHints":{"allow":["GET"]}}],"collection":[{"href":"https:\/\/fallkniven.pl\/sklep\/wp-json\/wp\/v2\/product"}],"about":[{"href":"https:\/\/fallkniven.pl\/sklep\/wp-json\/wp\/v2\/types\/product"}],"wp:featuredmedia":[{"embeddable":true,"href":"https:\/\/fallkniven.pl\/sklep\/wp-json\/wp\/v2\/media\/316"}],"wp:attachment":[{"href":"https:\/\/fallkniven.pl\/sklep\/wp-json\/wp\/v2\/media?parent=315"}],"wp:term":[{"taxonomy":"product_brand","embeddable":true,"href":"https:\/\/fallkniven.pl\/sklep\/wp-json\/wp\/v2\/product_brand?post=315"},{"taxonomy":"product_cat","embeddable":true,"href":"https:\/\/fallkniven.pl\/sklep\/wp-json\/wp\/v2\/product_cat?post=315"},{"taxonomy":"product_tag","embeddable":true,"href":"https:\/\/fallkniven.pl\/sklep\/wp-json\/wp\/v2\/product_tag?post=315"}],"curies":[{"name":"wp","href":"https:\/\/api.w.org\/{rel}","templated":true}]}}