{"id":13,"date":"2023-09-30T12:17:02","date_gmt":"2023-09-30T12:17:02","guid":{"rendered":"https:\/\/fallkniven.pl\/sklep\/?page_id=13"},"modified":"2025-04-09T12:02:50","modified_gmt":"2025-04-09T10:02:50","slug":"regulamin","status":"publish","type":"page","link":"https:\/\/fallkniven.pl\/sklep\/regulamin\/","title":{"rendered":"Regulamin"},"content":{"rendered":"<h3 style=\"text-align: center;\">REGULAMIN SKLEPU INTERNETOWEGO FALLKNIVEN.PL<\/h3>\n<p>Niniejszy Regulamin okre\u015bla zasady dokonywania zakup\u00f3w w sklepie pod wskazanym wy\u017cej adresem internetowym, prowadzonym przez Felix Development I. Kwiatkowski Sp. J., z siedzib\u0105 ul. \u017bytnia 13\/9, 01-014 Warszawa, zarejestrowan\u0105 przez S\u0105d Rejonowy dla m.st. Warszawy w Warszawie, XIII Wydzia\u0142 Gospodarczy Krajowego Rejestru S\u0105dowego pod nr 0000497570, NIP 5272709873, Regon 147097110. Aktualne pe\u0142ne dane teleadresowe Sprzedawcy podano w zak\u0142adce <a href=\"https:\/\/fallkniven.pl\/sklep\/kontakt\/\">Kontakt<\/a> na stronach Sklepu Internetowego.<\/p>\n<h3 style=\"text-align: center;\">\u00a7 1 Definicje<\/h3>\n<p>1. Regulamin \u2013 niniejszy Regulamin. Niniejszy dokument jest regulaminem, w rozumieniu przepisu art. 8 ustawy z dnia 18 lipca 2002 r. o \u015bwiadczeniu us\u0142ug drog\u0105 elektroniczn\u0105 (tekst jedn. Dz.U. 2013, poz 1422).<br \/>2. Klient \u2013 osoba fizyczna, osoba prawna lub jednostka organizacyjna nie posiadaj\u0105ca osobowo\u015bci prawnej a posiadaj\u0105ca zdolno\u015b\u0107 do czynno\u015bci prawnych, kt\u00f3ra na zasadach okre\u015blonych w niniejszym Regulaminie dokonuje Zam\u00f3wienia w Sklepie Internetowym Przedsi\u0119biorcy.<br \/>3. Konsument \u2013 osoba fizyczna dokonuj\u0105c\u0105 z Przedsi\u0119biorc\u0105 czynno\u015bci prawnej niezwi\u0105zanej bezpo\u015brednio z jej dzia\u0142alno\u015bci\u0105 gospodarcz\u0105 lub zawodow\u0105.<br \/>4. Kupuj\u0105cy \u2013 Klient lub Konsument w w rozumieniu obu znacze\u0144 poj\u0119ciowych sprecyzowanych powy\u017cej.<br \/>5. Sprzedawca \u2013 Przedsi\u0119biorca \u2013 podmiot \u015bwiadcz\u0105cy us\u0142ugi sprzeda\u017cy za po\u015brednictwem Sklepu Internetowego na zasadach okre\u015blonych w niniejszym Regulaminie.<br \/>6. Towar \u2013 Produkt \u2013 rzecz ruchoma, prezentowana w Sklepie Internetowym, kt\u00f3rej dotyczy Umowa Sprzeda\u017cy.<br \/>7. Oferta \u2013 propozycja sprzeda\u017cy Towar\u00f3w prezentowana w Sklepie Internetowym w postaci tekstowej, graficznej lub innej obrazuj\u0105cej i charakteryzuj\u0105cej je pod wzgl\u0119dem rodzajowym oraz indywidualizuj\u0105cej pod wzgl\u0119dem cenowym.<br \/>8. Umowa Sprzeda\u017cy (Umowa) \u2013 umowa sprzeda\u017cy Towar\u00f3w w rozumieniu przepis\u00f3w Kodeksu Cywilnego, zawarta pomi\u0119dzy Sprzedawc\u0105 a Kupuj\u0105cym, z wykorzystaniem serwisu internetowego Sklepu.<br \/>9. Sklep Internetowy (Sklep) \u2013 serwis internetowy dost\u0119pny pod adresem www.walkstool.pl za po\u015brednictwem kt\u00f3rego Kupuj\u0105cy mo\u017ce z\u0142o\u017cy\u0107 Zam\u00f3wienie u Przedsi\u0119biorcy.<br \/>10. Zam\u00f3wienie \u2013 o\u015bwiadczenie woli Kupuj\u0105cego, okre\u015blaj\u0105ce jednoznacznie rodzaj i ilo\u015b\u0107 Towar\u00f3w, zmierzaj\u0105ce bezpo\u015brednio do zawarcia Umowy Sprzeda\u017cy.<br \/>11. System teleinformatyczny \u2013 zesp\u00f3\u0142 wsp\u00f3\u0142pracuj\u0105cych ze sob\u0105 urz\u0105dze\u0144 informatycznych i oprogramowania, zapewniaj\u0105cy przetwarzanie i przechowywanie, a tak\u017ce wysy\u0142anie i odbieranie danych poprzez sieci telekomunikacyjne za pomoc\u0105 w\u0142a\u015bciwego dla danego rodzaju sieci urz\u0105dzenia ko\u0144cowego.<\/p>\n<h3 style=\"text-align: center;\">\u00a7 2 Zasady og\u00f3lne<\/h3>\n<p>1. Niniejszy Regulamin okre\u015bla zasady korzystania ze Sklepu Internetowego, w rozumieniu art. 8 Ustawy o \u015bwiadczeniu us\u0142ug drog\u0105 elektroniczn\u0105 (tekst jedn. Dz.U. 2013, poz. 1422).<\/p>\n<p>2. Sk\u0142adaj\u0105c Zam\u00f3wienie Kupuj\u0105cy o\u015bwiadcza, \u017ce zapozna\u0142 si\u0119 z niniejszym Regulaminem i akceptuje jego postanowienia.<\/p>\n<p>3. Kupuj\u0105cy mo\u017ce uzyska\u0107 dost\u0119p do niniejszego Regulaminu w ka\u017cdym czasie za po\u015brednictwem odsy\u0142acza zamieszczonego na stronie g\u0142\u00f3wnej Sklepu Internetowego.<\/p>\n<p>4. Sklep Internetowy prowadzi sprzeda\u017c detaliczn\u0105 za po\u015brednictwem sieci Internet. O ile wyra\u017anie nie zaznaczono inaczej \u2013 wszystkie Towary oferowane w sklepie s\u0105 fabrycznie nowe, oryginalnie zapakowane, wolne od wad fizycznych i prawnych, oraz zosta\u0142y legalnie wprowadzone do obrotu na terytorium Rzeczypospolitej Polskiej.<\/p>\n<p>5. Na stronach Sklepu zamieszczono informacje o gwarancji i us\u0142ugach serwisowych \u015bwiadczonych dla oferowanych Towar\u00f3w przez ich producenta, o ile producent dostarczy\u0142 takie dokumenty w j\u0119zyku polskim. Ich brak na stronach Sklepu nie wy\u0142\u0105cza prawa Klienta \/ Konsumenta do skorzystania z uprawnie\u0144 gwarancyjnych, ani nie ma wp\u0142ywu na uprawnienia wynikaj\u0105ce z tytu\u0142u niezgodno\u015bci z Towaru z umow\u0105.<\/p>\n<p>6. Oferta zawarta na stronie internetowej Sklepu wi\u0105\u017ce Przedsi\u0119biorc\u0119, je\u017celi Kupuj\u0105cy niezw\u0142ocznie potwierdzi jej otrzymanie. Potwierdzenie to wyra\u017cane jest przez z\u0142o\u017cenie pozbawionego b\u0142\u0119d\u00f3w zam\u00f3wienia, zgodnie z wymogami zawartymi poni\u017cej w \u00a73 pkt. 4 Regulaminu. Nie pozostaje to w sprzeczno\u015bci z postanowieniami zawartymi poni\u017cej w pkt. 7.<\/p>\n<p>7. Do zawarcia umowy kupna-sprzeda\u017cy dochodzi po spe\u0142nieniu przez Kupuj\u0105cego uwarunkowa\u0144 zawartych poni\u017cej w pkt. 3 \u00a7 4, a jej realizacja dochodzi do skutku w chwili jego wys\u0142ania przez Sprzedawc\u0119.<\/p>\n<p>8. W ramach wymaga\u0144 technicznych niezb\u0119dnych do wsp\u00f3\u0142pracy z systemem teleinformatycznym, kt\u00f3rym pos\u0142uguje si\u0119 Sprzedawca, w celu realizacji zakup\u00f3w Kupuj\u0105cy powinien dysponowa\u0107 aktywnym kontem poczty elektronicznej oraz urz\u0105dzeniem pod\u0142\u0105czonym do sieci Internet, wyposa\u017conym w aktualn\u0105 wersj\u0119 przegl\u0105darki internetowej Firefox, Chrome lub Safari. Przegl\u0105darka musi umo\u017cliwia\u0107 korzystanie z mechanizm\u00f3w JavaScript oraz zezwala\u0107 na przechowywanie plik\u00f3w cookies. Wprowadzone przez Sprzedawc\u0119 elementy do systemu teleinformatycznego, kt\u00f3rym pos\u0142uguje si\u0119 Kupuj\u0105cy, umo\u017cliwiaj\u0105 przechowywanie informacji lub uzyskiwanie dost\u0119pu do informacji ju\u017c przechowywanej w telekomunikacyjnym urz\u0105dzeniu Kupuj\u0105cego. Kupuj\u0105cy wyra\u017ca na to zgod\u0119, za pomoc\u0105 ustawie\u0144 oprogramowania zainstalowanego w wykorzystywanym przez niego telekomunikacyjnym urz\u0105dzeniu ko\u0144cowym (art. 173 ustawy prawo telekomunikacyjne \u2013 Dz.U. 2014, poz. 243).<\/p>\n<p>9. Stosowanie wskazanych powy\u017cej w pkt. 8 element\u00f3w oprogramowania, mechanizm\u00f3w i narz\u0119dzi wprowadzanych przez Sprzedawc\u0119 do systemu teleinformatycznego Kupuj\u0105cego mo\u017ce stanowi\u0107 \u017ar\u00f3d\u0142o zagro\u017ce\u0144, zwi\u0105zanych z korzystaniem z us\u0142ugi \u015bwiadczonej drog\u0105 elektroniczn\u0105, a w tym narazi\u0107 na ataki ze strony oprogramowania typu malware, spyware, robak\u00f3w internetowych i innych. Kupuj\u0105cy mo\u017ce nie wyrazi\u0107 zgody na stosowanie powy\u017cej wskazanych element\u00f3w systemu informatycznego (art. 173 ustawy prawo telekomunikacyjne \u2013 Dz.U. 2014, poz. 243).<\/p>\n<p>10. Kupuj\u0105cy zobowi\u0105zany jest w szczeg\u00f3lno\u015bci do:<br \/>a) niedostarczania i nieprzekazywania tre\u015bci zabronionych przez przepisy prawa, np. tre\u015bci propaguj\u0105cych przemoc, znies\u0142awiaj\u0105cych lub naruszaj\u0105cych dobra osobiste i inne prawa os\u00f3b trzecich;<br \/>b) korzystania ze Sklepu Internetowego w spos\u00f3b nie zak\u0142\u00f3caj\u0105cy jego funkcjonowania, w szczeg\u00f3lno\u015bci poprzez u\u017cycie okre\u015blonego oprogramowania lub urz\u0105dze\u0144;<br \/>c) niepodejmowania dzia\u0142a\u0144 takich jak: rozsy\u0142anie lub umieszczanie w ramach Sklepu Internetowego niezam\u00f3wionej informacji handlowej (spam);<br \/>d) korzystania ze Sklepu Internetowego w spos\u00f3b nieuci\u0105\u017cliwy dla innych Kupuj\u0105cych oraz dla podmiotu prowadz\u0105cego;<br \/>e) korzystania z wszelkich tre\u015bci zamieszczonych w ramach Sklepu Internetowego jedynie w zakresie w\u0142asnego u\u017cytku osobistego;<br \/>f) korzystania ze Sklepu Internetowego w spos\u00f3b zgodny z przepisami obowi\u0105zuj\u0105cego na terytorium Rzeczypospolitej Polskiej prawa, postanowieniami Regulaminu, a tak\u017ce z og\u00f3lnymi zasadami korzystania z sieci Internet.<\/p>\n<p>11. Kupuj\u0105cy zobowi\u0105zany jest do podania prawid\u0142owych, zgodnych z prawd\u0105 danych osobowych. Podanie nieprawdziwych lub niepe\u0142nych danych skutkowa\u0107 mo\u017ce usuni\u0119ciem konta i anulowaniem zam\u00f3wie\u0144.<\/p>\n<p>12. Sprzedawca mo\u017ce przetwarza\u0107 dane osobowe Kupuj\u0105cego wy\u0142\u0105cznie w zakresie niezb\u0119dnym do nawi\u0105zania, ukszta\u0142towania tre\u015bci, zmiany lub rozwi\u0105zania stosunku prawnego mi\u0119dzy nimi. (art. 18 ust.1 ustawy o \u015bwiadczeniu us\u0142ug droga elektroniczn\u0105 \u2013 Dz.U.2013 poz.1422, w zw, z art. 23 ust. 1 pkt. 3 ustawy o ochronie danych osobowych \u2013 Dz.U.2014.poz.1182).<\/p>\n<p>13. Nieprzestrzeganie zasad Regulaminu przez Kupuj\u0105cego stanowi podstaw\u0119 do zablokowania sprzeda\u017cy oferowanych Produkt\u00f3w.<\/p>\n<p>14. Niniejszy Regulamin obowi\u0105zuje wszystkich korzystaj\u0105cych ze Sklepu Internetowego pocz\u0105wszy od dnia 19 wrze\u015bnia 2023 roku. W wypadku ka\u017cdorazowych zmian w obowi\u0105zuj\u0105cych przepisach, postanowienia niniejszego Regulaminu mog\u0105 ulec stosownym modyfikacjom \u2013 informacja o dacie wej\u015bcia ich w \u017cycie b\u0119dzie uwidoczniona w nowej jego tre\u015bci, uwzgl\u0119dniaj\u0105cej zmiany.<\/p>\n<h3 style=\"text-align: center;\">\u00a7 3 Sk\u0142adanie zam\u00f3wie\u0144<\/h3>\n<p>1. Wszystkie ceny Produkt\u00f3w podane na stronach Sklepu Internetowego s\u0105 cenami brutto, zawieraj\u0105cymi w sobie podatek VAT, wyra\u017conymi w z\u0142otych polskich (PLN).<\/p>\n<p>2. Podane ceny nie obejmuj\u0105 koszt\u00f3w dostawy i obs\u0142ugi p\u0142atno\u015bci, kt\u00f3rych wysoko\u015b\u0107 zostanie obliczona i b\u0119dzie podana na stronie posumowania p\u0142atno\u015bci. Kupuj\u0105cy b\u0119dzie m\u00f3g\u0142 si\u0119 z nimi zapozna\u0107 jeszcze przed potwierdzeniem zam\u00f3wienia. Je\u015bli przy danej formie dostawy lub formie p\u0142atno\u015bci nie podano \u017cadnego kosztu \u2013 oznacza to, \u017ce nie jest ona obci\u0105\u017cona dodatkowymi kosztami.<\/p>\n<p>3. Zam\u00f3wienia s\u0105 przyjmowane przez stron\u0119 internetow\u0105 lub drog\u0105 mailow\u0105.<\/p>\n<p>4. Konsument w momencie sk\u0142adania zam\u00f3wienia na stronie internetowej ma obowi\u0105zek wyra\u017anego potwierdzenia, \u017ce wie, i\u017c zam\u00f3wienie poci\u0105ga za sob\u0105 obowi\u0105zek zap\u0142aty ceny Towaru. Potwierdzenie to jest warunkiem zawarcia umowy i realizowane jest przez klikni\u0119cie przycisku oznaczonego napisem \u201eKupuj\u0119 i p\u0142ac\u0119\u201d.<\/p>\n<p>5. Zam\u00f3wienie z\u0142o\u017cone w formie elektronicznej jest skuteczne, je\u015bli Kupuj\u0105cy prawid\u0142owo wype\u0142ni formularz zam\u00f3wienia i prawid\u0142owo poda dane kontaktowe w tym dok\u0142adny adres, na kt\u00f3ry Towar ma by\u0107 wys\u0142any oraz numer telefonu i adres e-mail.<\/p>\n<p>6. Sprzedawca przeka\u017ce Konsumentowi potwierdzenie zawarcia umowy na trwa\u0142ym no\u015bniku w rozs\u0105dnym czasie po jej zawarciu, najp\u00f3\u017aniej w chwili dostarczenia Towaru.<\/p>\n<p>7. Przed realizacj\u0105 Zam\u00f3wienia Sprzedawca mo\u017ce podj\u0105\u0107 pr\u00f3by skontaktowania si\u0119 z Kupuj\u0105cym. W przypadku niemo\u017cliwo\u015bci skontaktowania si\u0119 lub braku odpowiedzi z jego strony, Sprzedawca ma prawo do anulowania Zam\u00f3wienia.<\/p>\n<p>8. Kupuj\u0105cy w procesie sk\u0142adania zam\u00f3wienia mo\u017ce wyrazi\u0107 ch\u0119\u0107 otrzymania faktury. W przeciwnym wypadku Sprzedawca wystawi paragon lub faktur\u0119 wedle w\u0142asnego uznania.<\/p>\n<p>9. Kupuj\u0105cy mo\u017ce skorzysta\u0107 z opcji zapami\u0119tania jego danych przez system w celu u\u0142atwienia procesu sk\u0142adania kolejnego Zam\u00f3wienia. W tym celu powinien on za\u0142o\u017cy\u0107 konto na stronach Sklepu.<\/p>\n<p>10. Po z\u0142o\u017ceniu przez Kupuj\u0105cego skutecznego Zam\u00f3wienia, otrzyma on automatycznie wygenerowan\u0105 odpowied\u017a ze Sklepu, potwierdzaj\u0105c\u0105 otrzymanie zam\u00f3wienia.<\/p>\n<h3 style=\"text-align: center;\">\u00a7 4 Dostawa Towaru<\/h3>\n<p>1. Towar wysy\u0142any jest pod adres wskazany w Zam\u00f3wieniu lub zapisany na koncie Kupuj\u0105cego w Sklepie Internetowym. Dostawa towar\u00f3w jest ograniczona do obszaru Rzeczypospolitej Polskiej.<\/p>\n<p>2. W przypadku towaru oznaczonego w Sklepie jako \u201edost\u0119pny\u201d \u2013 zwykle wysy\u0142any jest on w ci\u0105gu 1 dnia roboczego od chwili rozpocz\u0119cia realizacji Zam\u00f3wienia. W przypadku towaru oznaczonego w Sklepie jako \u201ena zam\u00f3wienie\u201d \u2013 zwykle sprowadzany jest on w ci\u0105gu oko\u0142o tygodnia od chwili rozpocz\u0119cia realizacji Zam\u00f3wienia, a nast\u0119pnie wysy\u0142any do Kupuj\u0105cego. W przypadku niedost\u0119pno\u015bci cz\u0119\u015bci produkt\u00f3w obj\u0119tych Zam\u00f3wieniem Sprzedawca niezw\u0142ocznie poinformuje o tym Kupuj\u0105cego telefonicznie lub za po\u015brednictwem poczty elektronicznej wraz z pro\u015bb\u0105 o podj\u0119cie decyzji, dotycz\u0105cej dalszego post\u0119powania w sprawie zam\u00f3wienia. Kupuj\u0105cy ma w\u00f3wczas prawo podj\u0105\u0107 decyzj\u0119 o sposobie realizacji z\u0142o\u017conego zam\u00f3wienia (cz\u0119\u015bciowa realizacja, zmiana cz\u0119\u015bci zam\u00f3wienia lub anulowanie ca\u0142o\u015bci zam\u00f3wienia). W przypadku gdyby Kupuj\u0105cy w ci\u0105gu 3 dni nie wypowiedzia\u0142 si\u0119 co do sposobu dalszego post\u0119powania, Sprzedawca ma prawo do anulowania Zam\u00f3wienia. Je\u015bli Kupuj\u0105cy dokona\u0142 w tym czasie zap\u0142aty \u2013 Sprzedawca zwr\u00f3ci mu zap\u0142acon\u0105 kwot\u0119.<\/p>\n<p>3. Kupuj\u0105cy jest obci\u0105\u017cany kosztami dostawy. Przed potwierdzeniem zam\u00f3wienia zostanie on poinformowany o wysoko\u015bci tych koszt\u00f3w. Potwierdzenie zam\u00f3wienia oznacza zarazem akceptacj\u0119 przedstawionych koszt\u00f3w dostawy.<\/p>\n<p>4. Towar jest dostarczany za pomoc\u0105 wyspecjalizowanych firm kurierskich lub Poczty Polskiej.<\/p>\n<p>5. Przy odbiorze Towaru od kuriera lub Poczty Kupuj\u0105cy jest zobowi\u0105zany skontrolowa\u0107 zawarto\u015b\u0107 przesy\u0142ki. W przypadku stwierdzenia uszkodzenia lub brak\u00f3w w przesy\u0142ce nale\u017cy w obecno\u015bci kuriera sporz\u0105dzi\u0107 protok\u00f3\u0142, specyfikuj\u0105cy wady, a nast\u0119pnie poinformowa\u0107 Sprzedawc\u0119. Kupuj\u0105cy ma tak\u017ce prawo odm\u00f3wi\u0107 przyj\u0119cia przesy\u0142ki. W przypadku przesy\u0142ek przyj\u0119tych bez protoko\u0142u \u2013 zg\u0142oszenia uszkodze\u0144 transportowych lub reklamacje ilo\u015bciowe nie b\u0119d\u0105 uwzgl\u0119dniane.<\/p>\n<h3 style=\"text-align: center;\">\u00a7 5 P\u0142atno\u015bci<\/h3>\n<p>1. Sklep umo\u017cliwia dokonywanie p\u0142atno\u015bci r\u00f3\u017cnymi metodami. Kupuj\u0105cy mo\u017ce zapozna\u0107 si\u0119 z nimi na stronie posumowania p\u0142atno\u015bci jeszcze przed potwierdzeniem zam\u00f3wienia.<\/p>\n<p>2. Kupuj\u0105cy jest obci\u0105\u017cany kosztami obs\u0142ugi p\u0142atno\u015bci. Przed potwierdzeniem zam\u00f3wienia zostanie on poinformowany o wysoko\u015bci tych koszt\u00f3w. Potwierdzenie zam\u00f3wienia oznacza zarazem akceptacj\u0119 przedstawionych koszt\u00f3w obs\u0142ugi p\u0142atno\u015bci.<\/p>\n<h3 style=\"text-align: center;\">\u00a7 6 Procedura zg\u0142aszania wad oraz reklamacji<\/h3>\n<p>1. Sprzedawca jest odpowiedzialny wzgl\u0119dem Kupuj\u0105cego, je\u017celi rzecz sprzedana ma wad\u0119 fizyczn\u0105 lub prawn\u0105 na podstawie stosownych przepis\u00f3w Kodeksu Cywilnego (r\u0119kojmia). W szczeg\u00f3lno\u015bci za\u015b uprawnienia Konsumenta w przedmiocie odst\u0105pienia od umowy zawarte s\u0105 w \u201ePOUCZENIU O ODST\u0104PIENIU OD UMOWY\u201c \u2013 dokumencie udost\u0119pnionym Konsumentowi, stosownie do przepis\u00f3w ustawy z dnia 30.05.2014 o prawach konsumenta, opublikowanej w Dz.U. z 2014r. poz.827, a dodatkowo zawarte s\u0105 poni\u017cej w \u00a7 7 niniejszego Regulaminu oraz na stronie <a href=\"https:\/\/fallkniven.pl\/sklep\/zwroty\/\">Polityka zwrot\u00f3w<\/a>.<\/p>\n<p>2. Reklamacje, wynikaj\u0105ce z naruszenia uprawnie\u0144 Kupuj\u0105cego z tytu\u0142u udzielonych gwarancji jako\u015bci oferowanych Produkt\u00f3w, rozpoznawane b\u0119d\u0105 w trybie szczeg\u00f3\u0142owych unormowa\u0144 zawartych w o\u015bwiadczeniach gwarancyjnych dla poszczeg\u00f3lnych Produkt\u00f3w. Dokumenty gwarancyjne przekazywane s\u0105 Kupuj\u0105cemu wraz z zakupionym Towarem, o ile producent takowych dostarczy\u0142 na terytorium Rzeczypospolitej Polskiej.<\/p>\n<p>a) Je\u015bli udzielaj\u0105cym gwarancji jest Sprzedawca, Reklamuj\u0105cy zobowi\u0105zany jest do dostarczenia mu reklamowanego Produktu wraz z dowodem jego zakupu, a reklamacja powinna by\u0107 z\u0142o\u017cona na pi\u015bmie i zawiera\u0107:<br \/>\u2013 dane Kupuj\u0105cego umo\u017cliwiaj\u0105ce kontakt z nim oraz jego identyfikacj\u0119 jako strony umowy;<br \/>\u2013 rodzaj Towaru, kt\u00f3rego dotyczy;<br \/>\u2013 okoliczno\u015bci uzasadniaj\u0105ce reklamacj\u0119;<br \/>\u2013 ewentualny \u017c\u0105dany spos\u00f3b usuni\u0119cia zarzucanego defektu.<\/p>\n<p>b) Sprzedawca rozpatrzy reklamacj\u0119 w terminie 14 dni od dnia z\u0142o\u017cenia reklamacji, a gdyby to nie by\u0142o mo\u017cliwe, poinformuje w tym okresie Kupuj\u0105cego, kiedy reklamacja zostanie rozpatrzona.<\/p>\n<p>c) Kupuj\u0105cy mo\u017ce tak\u017ce zg\u0142asza\u0107 swoje roszczenia w ramach gwarancji bezpo\u015brednio w autoryzowanym punkcie serwisowym producenta, zgodnie z danymi adresowymi znajduj\u0105cymi si\u0119 w dokumencie gwarancyjnym, o ile takowy wyst\u0119puje.<\/p>\n<p>d) Je\u017celi udzielaj\u0105cym gwarancji jest producent, lub inny podmiot, Kupuj\u0105cy mo\u017ce tak\u017ce zg\u0142asza\u0107 swoje roszczenia w ramach gwarancji za po\u015brednictwem Sprzedawcy, o ile gwarant na to zezwala. W takim wypadku Kupuj\u0105cy mo\u017ce zosta\u0107 obci\u0105\u017cony kosztami przygotowania i dokonania przesy\u0142ki Towaru do i z autoryzowanego punktu serwisowego producenta. W takim te\u017c wypadku termin, o kt\u00f3rym mowa powy\u017cej w ppkt. \u201eb\u201d mo\u017ce ulec stosownemu przed\u0142u\u017ceniu.<\/p>\n<h3 style=\"text-align: center;\">\u00a7 7 Prawo do odst\u0105pienia od Umowy<\/h3>\n<p>1. Konsument, kt\u00f3ry zawar\u0142 Umow\u0119 na odleg\u0142o\u015b\u0107, ma prawo odst\u0105pi\u0107 od Umowy w ci\u0105gu 14 dni od otrzymania Towaru na podstawie przepis\u00f3w ustawy z dnia 30.05.2014 o prawach konsumenta (Dz.U. 2014 poz. 827).<\/p>\n<p>2. Pouczenie o odst\u0105pieniu od Umowy, jak r\u00f3wnie\u017c o utracie tego prawa, oraz wz\u00f3r formularza odst\u0105pienia od Umowy podano na stronie <a href=\"https:\/\/fallkniven.pl\/sklep\/zwroty\/\">Polityka zwrot\u00f3w<\/a>, a dodatkowo przekazywane s\u0105 Konsumentowi w formie wydruku wraz z zakupionym Towarem lub mailem. Informacje o kt\u00f3rych mowa powy\u017cej stanowi\u0105 za\u0142\u0105cznik do niniejszego Regulaminu i nale\u017cy je traktowa\u0107 jako jego integraln\u0105 cz\u0119\u015b\u0107.<\/p>\n<h3 style=\"text-align: center;\">\u00a7 8 Postanowienia ko\u0144cowe<\/h3>\n<p>1. W sprawach nieuregulowanych w niniejszym Regulaminie maj\u0105 zastosowanie nast\u0119puj\u0105ce przepisy: zawarte w Kodeksie Cywilnym po zmianach (Dz.U. z 2014r., poz. 827), przepisy Ustawy o \u015bwiadczeniu us\u0142ug drog\u0105 elektroniczn\u0105 (Dz.U.2013, poz. 1422), w Kodeksie Post\u0119powania Cywilnego w brzmieniu dotychczasowym (Dz.U. 2014 r. poz. 101) oraz po zmianach obowi\u0105zuj\u0105cych od 18.01.2015r., (Dz.U.2014, poz.945), zawarte w ustawie o prawach konsumenta (Dz.U. z 2014r., poz. 827), w ustawie o zwalczaniu nieuczciwej konkurencji (Dz. U. 2003. 153. 1503), ustawy o przeciwdzia\u0142aniu nieuczciwym praktykom rynkowym po zmianach, zawartych w ustawie o prawach konsumenta (Dz.U. z 2014r., poz. 827), ustawie prawo telekomunikacyjne (Dz.U. 2014., poz. 243), ustawy o ochronie danych osobowych (Dz.U.2014., poz. 1182 ze zm.), oraz inne unormowania prawne, aktualnie i ka\u017cdorazowo obowi\u0105zuj\u0105ce na terytorium RP.<\/p>\n<p>2. Rozstrzyganie ewentualnych spor\u00f3w powsta\u0142ych pomi\u0119dzy podmiotem prowadz\u0105cym Sklep Internetowy a Klientem, kt\u00f3ry jest Konsumentem, zostaje poddane s\u0105dom w\u0142a\u015bciwym zgodnie z postanowieniami w\u0142a\u015bciwych przepis\u00f3w Kodeksu Post\u0119powania Cywilnego.<\/p>\n<p>3. Rozstrzyganie ewentualnych spor\u00f3w powsta\u0142ych pomi\u0119dzy podmiotem prowadz\u0105cym sklep internetowy a Klientem, nieb\u0119d\u0105cym Konsumentem, zostaje poddane s\u0105dowi w\u0142a\u015bciwemu ze wzgl\u0119du na siedzib\u0119 podmiotu prowadz\u0105cego Sklep Internetowy.<\/p>\n<p>4. Niezale\u017cnie od s\u0105downictwa powszechnego Strony umowy maj\u0105 mo\u017cliwo\u015bci skorzystania z pozas\u0105dowych sposob\u00f3w rozpatrywania reklamacji i dochodzenia innych, przys\u0142uguj\u0105cych im roszcze\u0144 na podstawie nast\u0119puj\u0105cych procedur:<br \/>\u2013 dobrowolnego i zgodnego zapisu na s\u0105d polubowny (arbitra\u017cowy) na podstawie umowy pomi\u0119dzy stronami (art. 1154 i nast. Kodeksu Post\u0119powania Cywilnego), w tym sta\u0142ych polubownych s\u0105d\u00f3w konsumenckich dzia\u0142aj\u0105cych przy wojew\u00f3dzkich inspektoratach Inspekcji Handlowej (rozporz\u0105dzenie ministra sprawiedliwo\u015bci w spr. okre\u015blenia regulaminu organizacji i dzia\u0142ania sta\u0142ych s\u0105d\u00f3w konsumenckich \u2013 Dz.U.2001.113.1214 ),<br \/>\u2013 pozas\u0105dowych mediacji cywilnych z udzia\u0142em wyznaczonego mediatora, jak i mediacji konsumenckiej prowadzonej przez Inspekcj\u0119 Handlow\u0105,<br \/>\u2013 zawarcia ugody pomi\u0119dzy Stronami na wynegocjowanych warunkach.<\/p>\n<p><em>Data opublikowania regulaminu: 15.10.2023 r.<\/em><\/p>\n\n\n<p><\/p>\n","protected":false},"excerpt":{"rendered":"<p>REGULAMIN SKLEPU INTERNETOWEGO FALLKNIVEN.PL Niniejszy Regulamin okre\u015bla zasady dokonywania zakup\u00f3w w sklepie pod wskazanym wy\u017cej adresem internetowym, prowadzonym przez Felix Development I. Kwiatkowski Sp. J., z siedzib\u0105 ul. \u017bytnia 13\/9, 01-014 Warszawa, zarejestrowan\u0105 przez S\u0105d Rejonowy dla m.st. Warszawy w Warszawie, XIII Wydzia\u0142 Gospodarczy Krajowego Rejestru S\u0105dowego pod nr 0000497570, NIP 5272709873, Regon 147097110. Aktualne [&hellip;]<\/p>\n","protected":false},"author":1,"featured_media":0,"parent":0,"menu_order":0,"comment_status":"closed","ping_status":"closed","template":"","meta":{"footnotes":""},"class_list":["post-13","page","type-page","status-publish","hentry"],"aioseo_notices":[],"jetpack_sharing_enabled":true,"_links":{"self":[{"href":"https:\/\/fallkniven.pl\/sklep\/wp-json\/wp\/v2\/pages\/13","targetHints":{"allow":["GET"]}}],"collection":[{"href":"https:\/\/fallkniven.pl\/sklep\/wp-json\/wp\/v2\/pages"}],"about":[{"href":"https:\/\/fallkniven.pl\/sklep\/wp-json\/wp\/v2\/types\/page"}],"author":[{"embeddable":true,"href":"https:\/\/fallkniven.pl\/sklep\/wp-json\/wp\/v2\/users\/1"}],"replies":[{"embeddable":true,"href":"https:\/\/fallkniven.pl\/sklep\/wp-json\/wp\/v2\/comments?post=13"}],"version-history":[{"count":2,"href":"https:\/\/fallkniven.pl\/sklep\/wp-json\/wp\/v2\/pages\/13\/revisions"}],"predecessor-version":[{"id":2297,"href":"https:\/\/fallkniven.pl\/sklep\/wp-json\/wp\/v2\/pages\/13\/revisions\/2297"}],"wp:attachment":[{"href":"https:\/\/fallkniven.pl\/sklep\/wp-json\/wp\/v2\/media?parent=13"}],"curies":[{"name":"wp","href":"https:\/\/api.w.org\/{rel}","templated":true}]}}